{"id":14,"date":"2025-12-04T12:33:56","date_gmt":"2025-12-04T11:33:56","guid":{"rendered":"https:\/\/mytracktrends.com\/fr\/?page_id=14"},"modified":"2025-12-04T12:33:58","modified_gmt":"2025-12-04T11:33:58","slug":"politique-de-cookies","status":"publish","type":"page","link":"https:\/\/mytracktrends.com\/fr\/politique-de-cookies\/","title":{"rendered":"POLITIQUE DE COOKIES"},"content":{"rendered":"\n<h1 class=\"wp-block-heading\"><strong>POLITIQUE DE COOKIES<\/strong><\/h1>\n\n\n\n<h2 class=\"wp-block-heading\">Consid\u00e9rations pr\u00e9alables<\/h2>\n\n\n\n<p>On entend par <strong>utilisateur<\/strong> toute personne qui navigue sur le site <strong>mytracktrends.com<\/strong>, ci-apr\u00e8s simplement \u00ab le site web \u00bb.<\/p>\n\n\n\n<p>On entend par <strong>\u00c9diteur<\/strong> le propri\u00e9taire du site web, \u00e0 savoir <strong>Vaye@Corp<\/strong>, tel qu\u2019identifi\u00e9 dans les mentions l\u00e9gales.<\/p>\n\n\n\n<p>Les cookies utilis\u00e9s dans le navigateur de l\u2019utilisateur sont install\u00e9s avec son autorisation. Si, \u00e0 tout moment, l\u2019utilisateur souhaite <strong>r\u00e9voquer cette autorisation<\/strong>, il peut le faire sans aucune difficult\u00e9. Pour cela, il lui suffit de consulter la section <strong>D\u00e9sactivation ou suppression des cookies<\/strong> d\u00e9crite dans la pr\u00e9sente politique.<\/p>\n\n\n\n<p>L\u2019\u00c9diteur est totalement libre d\u2019apporter les modifications qu\u2019il juge opportunes sur le site web. Il peut ajouter des rubriques, des fonctionnalit\u00e9s ou tout autre \u00e9l\u00e9ment pouvant entra\u00eener l\u2019utilisation de <strong>nouveaux cookies<\/strong>. Il est donc recommand\u00e9 \u00e0 l\u2019utilisateur de v\u00e9rifier r\u00e9guli\u00e8rement la pr\u00e9sente politique de cookies \u00e0 chaque acc\u00e8s au site, afin de se tenir inform\u00e9 de tout changement intervenu depuis sa derni\u00e8re visite.<\/p>\n\n\n\n<hr class=\"wp-block-separator has-alpha-channel-opacity\"\/>\n\n\n\n<h2 class=\"wp-block-heading\">D\u00e9finition et fonction des cookies<\/h2>\n\n\n\n<p>Les <strong>cookies<\/strong> sont des informations stock\u00e9es dans le navigateur de l\u2019utilisateur d\u2019un site web. Elles permettent de consulter son activit\u00e9 ant\u00e9rieure sur le site, ainsi que de m\u00e9moriser certains param\u00e8tres en vue d\u2019une visite ult\u00e9rieure. Elles peuvent \u00e9galement \u00eatre appel\u00e9es <strong>web beacons, pixels, bugs, traceurs<\/strong>, mais, aux fins de la pr\u00e9sente politique, on les d\u00e9signera simplement sous le terme \u00ab cookies \u00bb.<\/p>\n\n\n\n<p>Elles stockent g\u00e9n\u00e9ralement des donn\u00e9es techniques, des statistiques d\u2019utilisation, des pr\u00e9f\u00e9rences de personnalisation, des liens vers les r\u00e9seaux sociaux, la gestion de pr\u00e9f\u00e9rences personnelles, entre autres, afin d\u2019adapter le site web aux besoins et r\u00e9glages de l\u2019utilisateur et d\u2019am\u00e9liorer ainsi son exp\u00e9rience de navigation. Le refus des cookies peut entraver le bon fonctionnement du service offert par le site.<\/p>\n\n\n\n<p>Les cookies <strong>ne sont pas<\/strong> des fichiers de type virus, spam, troyen, ver informatique, spyware, ni de la publicit\u00e9 invasive (pop-ups, etc.).<\/p>\n\n\n\n<p>Les informations stock\u00e9es concernent le <strong>navigateur<\/strong> (Internet Explorer, Safari, Chrome, Firefox, etc.) et non directement l\u2019utilisateur. Pour le constater, il suffit d\u2019ouvrir le m\u00eame site web dans deux navigateurs diff\u00e9rents : les pr\u00e9f\u00e9rences peuvent \u00eatre diff\u00e9rentes d\u2019un navigateur \u00e0 l\u2019autre.<\/p>\n\n\n\n<hr class=\"wp-block-separator has-alpha-channel-opacity\"\/>\n\n\n\n<h2 class=\"wp-block-heading\">Types de cookies selon l\u2019entit\u00e9 qui les g\u00e8re<\/h2>\n\n\n\n<p>Les cookies peuvent \u00eatre :<\/p>\n\n\n\n<ul class=\"wp-block-list\">\n<li><strong>Cookies internes (cookies propres)<\/strong> : lorsqu\u2019elles sont g\u00e9r\u00e9es par l\u2019\u00c9diteur du site web. Elles sont envoy\u00e9es au terminal de l\u2019utilisateur depuis un \u00e9quipement ou un domaine g\u00e9r\u00e9 par l\u2019\u00c9diteur et \u00e0 partir duquel est fourni le service demand\u00e9.<\/li>\n\n\n\n<li><strong>Cookies tierces<\/strong> : lorsqu\u2019elles sont g\u00e9r\u00e9es par une personne physique ou morale autre que l\u2019\u00c9diteur.<\/li>\n<\/ul>\n\n\n\n<p>Ce site web utilise <strong>des cookies propres et des cookies de tiers<\/strong>.<\/p>\n\n\n\n<hr class=\"wp-block-separator has-alpha-channel-opacity\"\/>\n\n\n\n<h2 class=\"wp-block-heading\">Types de cookies selon leur finalit\u00e9<\/h2>\n\n\n\n<p>Selon leur fonction, les cookies peuvent \u00eatre :<\/p>\n\n\n\n<ul class=\"wp-block-list\">\n<li><strong>Cookies techniques<\/strong> :<br>Elles permettent la gestion op\u00e9rationnelle du site web, afin que l\u2019utilisateur puisse naviguer sans probl\u00e8me. Par exemple : contr\u00f4le du trafic et de la communication de donn\u00e9es, identification de session, acc\u00e8s \u00e0 des zones \u00e0 acc\u00e8s restreint, m\u00e9morisation des \u00e9l\u00e9ments d\u2019une commande, processus d\u2019achat, gestion du paiement, contr\u00f4le de la fraude, inscriptions \u00e0 des \u00e9v\u00e9nements, utilisation d\u2019\u00e9l\u00e9ments de s\u00e9curit\u00e9, stockage de contenus pour la diffusion de vid\u00e9os ou d\u2019audio, activation de contenus dynamiques (animation de texte ou d\u2019image), partage de contenus sur les r\u00e9seaux sociaux, etc.<\/li>\n\n\n\n<li><strong>Cookies de pr\u00e9f\u00e9rences ou de personnalisation<\/strong> :<br>Elles permettent de m\u00e9moriser des informations afin que l\u2019utilisateur navigue avec des caract\u00e9ristiques personnalis\u00e9es : langue, nombre de r\u00e9sultats d\u2019une recherche, apparence ou contenu du site en fonction du type de navigateur, couleurs de fond, image de profil, etc.<\/li>\n\n\n\n<li><strong>Cookies d\u2019analyse ou de mesure<\/strong> :<br>Elles permettent le suivi et l\u2019analyse du comportement des utilisateurs sur le site web et, le cas \u00e9ch\u00e9ant, sur d\u2019autres sites appartenant au gestionnaire des cookies. Par exemple : temps pass\u00e9 sur une page, heures et jours de plus fort trafic.<\/li>\n\n\n\n<li><strong>Cookies de publicit\u00e9 comportementale<\/strong> :<br>Elles stockent des informations sur le comportement de l\u2019utilisateur, obtenues par l\u2019observation continue de ses habitudes de navigation, ce qui permet d\u2019\u00e9tablir un profil sp\u00e9cifique pour afficher de la publicit\u00e9 en fonction de ce profil. Le but est de montrer des annonces pertinentes et attractives.<\/li>\n\n\n\n<li><strong>Cookies publicitaires<\/strong> :<br>Elles permettent la gestion, de la mani\u00e8re la plus efficace possible, des espaces publicitaires du site web, en fonction de crit\u00e8res tels que le contenu \u00e9dit\u00e9 ou la fr\u00e9quence d\u2019affichage des annonces.<\/li>\n<\/ul>\n\n\n\n<p>Ce site web utilise des <strong>cookies techniques, de personnalisation, d\u2019analyse, publicitaires et de publicit\u00e9 comportementale<\/strong>.<\/p>\n\n\n\n<p>Certaines cookies peuvent \u00eatre <strong>polyvalentes<\/strong>, c\u2019est-\u00e0-dire remplir plusieurs fonctions.<\/p>\n\n\n\n<hr class=\"wp-block-separator has-alpha-channel-opacity\"\/>\n\n\n\n<h2 class=\"wp-block-heading\">Types de cookies selon leur dur\u00e9e<\/h2>\n\n\n\n<p>Selon la dur\u00e9e de stockage sur le terminal, les cookies peuvent \u00eatre :<\/p>\n\n\n\n<ul class=\"wp-block-list\">\n<li><strong>Cookies de session<\/strong> :<br>Destin\u00e9es \u00e0 recueillir et stocker des donn\u00e9es pendant que l\u2019utilisateur acc\u00e8de au site web. Elles disparaissent g\u00e9n\u00e9ralement \u00e0 la fin de la session. Exemple : liste de produits choisis, s\u00e9lection de photos, etc.<\/li>\n\n\n\n<li><strong>Cookies persistantes<\/strong> :<br>Les donn\u00e9es restent stock\u00e9es sur le terminal et peuvent \u00eatre consult\u00e9es et trait\u00e9es pendant une p\u00e9riode d\u00e9finie par le responsable de la cookie, pouvant aller de quelques minutes \u00e0 plusieurs ann\u00e9es.<\/li>\n<\/ul>\n\n\n\n<hr class=\"wp-block-separator has-alpha-channel-opacity\"\/>\n\n\n\n<h2 class=\"wp-block-heading\">Cons\u00e9quences de la d\u00e9sactivation des cookies<\/h2>\n\n\n\n<p>\u00c0 titre d\u2019exemple, le refus d\u2019autoriser l\u2019utilisation de cookies peut entra\u00eener les cons\u00e9quences suivantes :<\/p>\n\n\n\n<ul class=\"wp-block-list\">\n<li>Les produits choisis dans la boutique ne seront pas correctement charg\u00e9s, et le panier ne sera pas cr\u00e9\u00e9, ce qui emp\u00eachera de finaliser l\u2019achat.<\/li>\n\n\n\n<li>L\u2019acc\u00e8s \u00e0 l\u2019espace client, \u00e0 l\u2019espace personnel ou \u00e0 toute zone n\u00e9cessitant une identification peut \u00eatre impossible.<\/li>\n\n\n\n<li>Il ne sera pas possible de recueillir les donn\u00e9es n\u00e9cessaires pour analyser le site web, ce qui emp\u00eachera l\u2019\u00c9diteur d\u2019am\u00e9liorer le service.<\/li>\n\n\n\n<li>Le partage de contenus du site sur des r\u00e9seaux sociaux tels que Facebook, Twitter, Instagram, etc. peut \u00eatre impossible.<\/li>\n\n\n\n<li>L\u2019utilisateur ne pourra pas publier de commentaires sur le blog.<\/li>\n\n\n\n<li>L\u2019utilisation de certains services de r\u00e9seaux sociaux pourra \u00eatre limit\u00e9e ou impossible, ceux-ci ayant besoin de cookies pour fonctionner.<\/li>\n\n\n\n<li>La publicit\u00e9 de tiers ne pourra pas \u00eatre affich\u00e9e, ce qui diminuera les revenus pour les sites qui utilisent ce mod\u00e8le.<\/li>\n\n\n\n<li>Sur certains domaines, la navigation pourra \u00eatre consid\u00e9r\u00e9e comme suspecte (spam) car elle ne pourra pas \u00eatre correctement identifi\u00e9e.<\/li>\n\n\n\n<li>D\u2019autres effets non list\u00e9s ici peuvent \u00e9galement se produire (liste indicative et non exhaustive).<\/li>\n<\/ul>\n\n\n\n<p>Si l\u2019utilisateur supprime les cookies et souhaite ensuite revenir sur ce site web, il devra <strong>accepter de nouveau<\/strong> l\u2019utilisation des cookies.<\/p>\n\n\n\n<hr class=\"wp-block-separator has-alpha-channel-opacity\"\/>\n\n\n\n<h2 class=\"wp-block-heading\">Cookies utilis\u00e9es sur ce site web<\/h2>\n\n\n\n<p>Ce site web utilise les cat\u00e9gories suivantes : <strong>cookies techniques, de personnalisation, d\u2019analyse et de publicit\u00e9 comportementale.<\/strong><\/p>\n\n\n\n<p>Nous utilisons le plugin <strong>GDPR Cookie Compliance<\/strong>, qui active pour une dur\u00e9e limit\u00e9e le cookie <strong>moove_gdpr_popup<\/strong>, afin d\u2019enregistrer l\u2019intention de consentement de l\u2019utilisateur concernant l\u2019installation de cookies. Ce cookie est n\u00e9cessaire au bon fonctionnement du site.<\/p>\n\n\n\n<p>Les cookies utilis\u00e9es sur ce site sont d\u00e9taill\u00e9es ci-dessous. Toutefois, en raison de limitations techniques, il n\u2019est pas toujours possible de lister avec une exactitude absolue toutes les cookies de tiers, m\u00eame si l\u2019\u00c9diteur s\u2019efforce de fournir une information aussi compl\u00e8te que possible.<\/p>\n\n\n\n<figure class=\"wp-block-table\"><table class=\"has-fixed-layout\"><thead><tr><th>Nom<\/th><th>Fournisseur<\/th><th>Description<\/th><th>Dur\u00e9e<\/th><th>Type<\/th><\/tr><\/thead><tbody><tr><td>_lscache_vary<\/td><td>mytracktrends.com<\/td><td>Litespeed d\u00e9finit ce cookie pour emp\u00eacher l\u2019affichage de pages mises en cache de fa\u00e7on inadapt\u00e9e.<\/td><td>2 jours<\/td><td>Fonctionnel<\/td><\/tr><\/tbody><\/table><\/figure>\n\n\n\n<hr class=\"wp-block-separator has-alpha-channel-opacity\"\/>\n\n\n\n<h2 class=\"wp-block-heading\">D\u00e9sactivation ou suppression des cookies<\/h2>\n\n\n\n<p>\u00c0 tout moment, l\u2019utilisateur peut exercer son droit de refuser les cookies et les <strong>d\u00e9sactiver ou supprimer<\/strong>, \u00e0 l\u2019exception de celles strictement n\u00e9cessaires au fonctionnement du site web.<\/p>\n\n\n\n<p>L\u2019utilisateur peut supprimer et\/ou bloquer les cookies pour l\u2019ensemble de sa navigation ou pour un domaine pr\u00e9cis. Cette configuration doit \u00eatre effectu\u00e9e <strong>dans chaque navigateur<\/strong>. Si elle est r\u00e9alis\u00e9e dans un navigateur mais pas dans les autres du m\u00eame appareil, on consid\u00e9rera que ces autres navigateurs acceptent toujours les cookies. L\u2019\u00c9diteur ne peut pas effectuer cette op\u00e9ration \u00e0 la place de l\u2019utilisateur : celui-ci doit la r\u00e9aliser de mani\u00e8re responsable dans chaque navigateur et\/ou appareil qu\u2019il utilise.<\/p>\n\n\n\n<p>Chaque navigateur disposant de r\u00e9glages propres, l\u2019utilisateur devra consulter la section d\u2019aide de chacun d\u2019eux. Ci-apr\u00e8s, une indication g\u00e9n\u00e9rale pour les navigateurs les plus courants (ces informations peuvent varier selon les mises \u00e0 jour de navigateurs ou de syst\u00e8mes d\u2019exploitation, cette liste est donc purement indicative) :<\/p>\n\n\n\n<ul class=\"wp-block-list\">\n<li><strong>Chrome<\/strong> :<br>Menu \u2192 Param\u00e8tres (sur Mac : Pr\u00e9f\u00e9rences) \u2192 Param\u00e8tres avanc\u00e9s \u2192 Confidentialit\u00e9.<br>Ici, l\u2019utilisateur peut configurer ou supprimer les cookies.<br>Plus d\u2019informations :<br><a href=\"https:\/\/support.google.com\/chrome\/answer\/95647?hl=es\" target=\"_blank\" rel=\"noopener\">https:\/\/support.google.com\/chrome\/answer\/95647?hl=es<\/a><\/li>\n\n\n\n<li><strong>Internet Explorer<\/strong> :<br>Outils \u2192 Options Internet \u2192 Confidentialit\u00e9 \u2192 Param\u00e8tres \u2192 Options avanc\u00e9es.<br>Configurer selon les pr\u00e9f\u00e9rences souhait\u00e9es.<br>Plus d\u2019informations :<br><a>https:\/\/support.microsoft.com\/es-es\/help\/17442\/windows-internet-explorer-delete-manage-cookies<\/a><\/li>\n\n\n\n<li><strong>Firefox<\/strong> :<br>Menu \u2192 Pr\u00e9f\u00e9rences \u2192 Vie priv\u00e9e \u2192 Afficher les cookies \u2192 Configurer selon les besoins.<br>Plus d\u2019informations :<br><a href=\"https:\/\/www.mozilla.org\/es-ES\/privacy\/websites\/#cookies\" target=\"_blank\" rel=\"noopener\">https:\/\/www.mozilla.org\/es-ES\/privacy\/websites\/#cookies<\/a><\/li>\n\n\n\n<li><strong>Safari<\/strong> :<br>Safari \u2192 Pr\u00e9f\u00e9rences \u2192 Confidentialit\u00e9 \u2192 Configurer selon le souhait de l\u2019utilisateur.<br>Plus d\u2019informations :<br><a href=\"https:\/\/support.apple.com\/es-es\/guide\/safari\/sfri11471\/mac\" target=\"_blank\" rel=\"noopener\">https:\/\/support.apple.com\/es-es\/guide\/safari\/sfri11471\/mac<\/a><\/li>\n<\/ul>\n\n\n\n<p>L\u2019utilisateur doit toujours v\u00e9rifier la documentation la plus r\u00e9cente de son navigateur, ces liens \u00e9tant donn\u00e9s uniquement \u00e0 titre indicatif.<\/p>\n\n\n\n<hr class=\"wp-block-separator has-alpha-channel-opacity\"\/>\n\n\n\n<h2 class=\"wp-block-heading\">Avis relatifs aux cookies<\/h2>\n\n\n\n<p>L\u2019\u00c9diteur ne saurait \u00eatre tenu responsable des \u00e9ventuels dysfonctionnements techniques que l\u2019utilisateur pourrait rencontrer sur le site ou sur son navigateur en raison d\u2019une <strong>mauvaise manipulation<\/strong> lors de la d\u00e9sactivation ou de la suppression des cookies. L\u2019utilisateur doit en permanence v\u00e9rifier les instructions de son navigateur pour la suppression ou la d\u00e9sactivation des cookies, et il assume l\u2019enti\u00e8re responsabilit\u00e9 des cons\u00e9quences de ces actions.<\/p>\n\n\n\n<p>\u00c0 tout moment, l\u2019utilisateur peut contacter l\u2019\u00c9diteur \u00e0 l\u2019adresse suivante :<br><strong><a>contacto@mytracktrends.com<\/a><\/strong><\/p>\n\n\n\n<hr class=\"wp-block-separator has-alpha-channel-opacity\"\/>\n\n\n\n<p>Si quieres, luego puedo hacerte una versi\u00f3n <strong>m\u00e1s corta para el banner CMP<\/strong> (texto de consentimiento r\u00e1pido) o una <strong>versi\u00f3n resumida para el footer<\/strong> en franc\u00e9s.<\/p>\n","protected":false},"excerpt":{"rendered":"<p>POLITIQUE DE COOKIES Consid\u00e9rations pr\u00e9alables On entend par utilisateur toute personne qui navigue sur le site mytracktrends.com, ci-apr\u00e8s simplement \u00ab [&hellip;]<\/p>\n","protected":false},"author":1,"featured_media":0,"parent":0,"menu_order":0,"comment_status":"closed","ping_status":"closed","template":"","meta":{"_uag_custom_page_level_css":"","site-sidebar-layout":"default","site-content-layout":"","ast-site-content-layout":"default","site-content-style":"default","site-sidebar-style":"default","ast-global-header-display":"","ast-banner-title-visibility":"","ast-main-header-display":"","ast-hfb-above-header-display":"","ast-hfb-below-header-display":"","ast-hfb-mobile-header-display":"","site-post-title":"disabled","ast-breadcrumbs-content":"","ast-featured-img":"","footer-sml-layout":"","theme-transparent-header-meta":"","adv-header-id-meta":"","stick-header-meta":"","header-above-stick-meta":"","header-main-stick-meta":"","header-below-stick-meta":"","astra-migrate-meta-layouts":"default","ast-page-background-enabled":"default","ast-page-background-meta":{"desktop":{"background-color":"var(--ast-global-color-4)","background-image":"","background-repeat":"repeat","background-position":"center center","background-size":"auto","background-attachment":"scroll","background-type":"","background-media":"","overlay-type":"","overlay-color":"","overlay-opacity":"","overlay-gradient":""},"tablet":{"background-color":"","background-image":"","background-repeat":"repeat","background-position":"center center","background-size":"auto","background-attachment":"scroll","background-type":"","background-media":"","overlay-type":"","overlay-color":"","overlay-opacity":"","overlay-gradient":""},"mobile":{"background-color":"","background-image":"","background-repeat":"repeat","background-position":"center center","background-size":"auto","background-attachment":"scroll","background-type":"","background-media":"","overlay-type":"","overlay-color":"","overlay-opacity":"","overlay-gradient":""}},"ast-content-background-meta":{"desktop":{"background-color":"var(--ast-global-color-5)","background-image":"","background-repeat":"repeat","background-position":"center center","background-size":"auto","background-attachment":"scroll","background-type":"","background-media":"","overlay-type":"","overlay-color":"","overlay-opacity":"","overlay-gradient":""},"tablet":{"background-color":"var(--ast-global-color-5)","background-image":"","background-repeat":"repeat","background-position":"center center","background-size":"auto","background-attachment":"scroll","background-type":"","background-media":"","overlay-type":"","overlay-color":"","overlay-opacity":"","overlay-gradient":""},"mobile":{"background-color":"var(--ast-global-color-5)","background-image":"","background-repeat":"repeat","background-position":"center center","background-size":"auto","background-attachment":"scroll","background-type":"","background-media":"","overlay-type":"","overlay-color":"","overlay-opacity":"","overlay-gradient":""}},"footnotes":""},"class_list":["post-14","page","type-page","status-publish","hentry"],"uagb_featured_image_src":{"full":false,"thumbnail":false,"medium":false,"medium_large":false,"large":false,"1536x1536":false,"2048x2048":false},"uagb_author_info":{"display_name":"amolanovbtc@gmail.com","author_link":"https:\/\/mytracktrends.com\/fr\/author\/amolanovbtcgmail-com\/"},"uagb_comment_info":0,"uagb_excerpt":"POLITIQUE DE COOKIES Consid\u00e9rations pr\u00e9alables On entend par utilisateur toute personne qui navigue sur le site mytracktrends.com, ci-apr\u00e8s simplement \u00ab [&hellip;]","_links":{"self":[{"href":"https:\/\/mytracktrends.com\/fr\/wp-json\/wp\/v2\/pages\/14","targetHints":{"allow":["GET"]}}],"collection":[{"href":"https:\/\/mytracktrends.com\/fr\/wp-json\/wp\/v2\/pages"}],"about":[{"href":"https:\/\/mytracktrends.com\/fr\/wp-json\/wp\/v2\/types\/page"}],"author":[{"embeddable":true,"href":"https:\/\/mytracktrends.com\/fr\/wp-json\/wp\/v2\/users\/1"}],"replies":[{"embeddable":true,"href":"https:\/\/mytracktrends.com\/fr\/wp-json\/wp\/v2\/comments?post=14"}],"version-history":[{"count":1,"href":"https:\/\/mytracktrends.com\/fr\/wp-json\/wp\/v2\/pages\/14\/revisions"}],"predecessor-version":[{"id":15,"href":"https:\/\/mytracktrends.com\/fr\/wp-json\/wp\/v2\/pages\/14\/revisions\/15"}],"wp:attachment":[{"href":"https:\/\/mytracktrends.com\/fr\/wp-json\/wp\/v2\/media?parent=14"}],"curies":[{"name":"wp","href":"https:\/\/api.w.org\/{rel}","templated":true}]}}