{"id":16,"date":"2025-12-04T12:39:04","date_gmt":"2025-12-04T11:39:04","guid":{"rendered":"https:\/\/mytracktrends.com\/fr\/?page_id=16"},"modified":"2025-12-04T12:39:05","modified_gmt":"2025-12-04T11:39:05","slug":"politique-de-confidentialite","status":"publish","type":"page","link":"https:\/\/mytracktrends.com\/fr\/politique-de-confidentialite\/","title":{"rendered":"POLITIQUE DE CONFIDENTIALIT\u00c9"},"content":{"rendered":"\n<p>POLITIQUE DE CONFIDENTIALIT\u00c9<\/p>\n\n\n\n<p><strong>Responsable des donn\u00e9es personnelles :<\/strong><br>Vaye@Corp, ci-apr\u00e8s <strong>LE GESTIONNAIRE DU SITE WEB<\/strong>, dont l\u2019adresse e-mail de contact est : <strong><a href=\"mailto:contacto@mytracktrends.com\">contacto@mytracktrends.com<\/a><\/strong>.<\/p>\n\n\n\n<h2 class=\"wp-block-heading\">Donn\u00e9es collect\u00e9es sur le site web et finalit\u00e9 du traitement<\/h2>\n\n\n\n<p>Notre site utilise l\u2019API officielle de <strong>Spotify<\/strong> pour analyser et afficher les statistiques d\u2019\u00e9coute et l\u2019historique de lecture des utilisateurs sur leurs comptes Spotify.<br>Il est important de pr\u00e9ciser que cette int\u00e9gration est <strong>ind\u00e9pendante<\/strong> et n\u2019est en aucun cas associ\u00e9e \u00e0 la soci\u00e9t\u00e9 Spotify AB, \u00e0 ses partenaires ou affili\u00e9s.<\/p>\n\n\n\n<p>En utilisant cette fonctionnalit\u00e9, nous collectons et traitons des donn\u00e9es personnelles conform\u00e9ment aux <strong>autorisations<\/strong> que l\u2019utilisateur accorde via l\u2019acc\u00e8s \u00e0 son compte Spotify.<\/p>\n\n\n\n<p>Les informations obtenues par le biais de l\u2019API de Spotify sont utilis\u00e9es <strong>exclusivement<\/strong> pour fournir les services d\u00e9crits sur notre site et sont trait\u00e9es conform\u00e9ment aux pratiques et \u00e0 la pr\u00e9sente Politique de Confidentialit\u00e9.<br>Pour plus de d\u00e9tails sur la mani\u00e8re dont Spotify traite les donn\u00e9es que vous fournissez via l\u2019API, nous vous recommandons de consulter la <strong>Politique de Confidentialit\u00e9 de Spotify<\/strong>.<\/p>\n\n\n\n<h3 class=\"wp-block-heading\">Donn\u00e9es demand\u00e9es et usages<\/h3>\n\n\n\n<ul class=\"wp-block-list\">\n<li><strong>Nom, pr\u00e9nom et adresse e-mail dans les formulaires de contact :<\/strong><br>Utilis\u00e9s pour permettre tout contact direct avec LE GESTIONNAIRE DU SITE WEB : questions, commentaires, suggestions, demande de service ou de produit, ou toute autre information.<br>L\u2019absence des donn\u00e9es personnelles minimales n\u00e9cessaires emp\u00eachera LE GESTIONNAIRE DU SITE WEB de r\u00e9pondre \u00e0 la demande.<\/li>\n\n\n\n<li><strong>Nom et adresse e-mail :<\/strong><br>Utilis\u00e9s pour permettre \u00e0 l\u2019utilisateur de laisser des commentaires sur le blog du site.<\/li>\n\n\n\n<li><strong>Nom, pr\u00e9nom, adresse postale, t\u00e9l\u00e9phone, e-mail, num\u00e9ro d\u2019identification fiscale :<\/strong><br>Ces donn\u00e9es sont demand\u00e9es au moment du paiement d\u2019un service, afin de traiter tout ce qui concerne la relation client (facturation, suivi, etc.).<\/li>\n\n\n\n<li><strong>Nom, t\u00e9l\u00e9phone et e-mail pour la newsletter :<\/strong><br>Avec le consentement expr\u00e8s et volontaire de la personne concern\u00e9e, les donn\u00e9es minimales n\u00e9cessaires seront demand\u00e9es sur le site afin d\u2019envoyer une newsletter commerciale automatis\u00e9e, contenant des informations publicitaires, promotions et autres informations relatives aux services et\/ou produits propos\u00e9s par LE GESTIONNAIRE DU SITE WEB.<\/li>\n\n\n\n<li><strong>Adresse e-mail :<\/strong><br>Demand\u00e9e pour acc\u00e9der \u00e0 l\u2019espace client, conform\u00e9ment aux donn\u00e9es fournies lors de la cr\u00e9ation du compte.<\/li>\n<\/ul>\n\n\n\n<p>Si l\u2019utilisateur a <strong>moins de 16 ans<\/strong>, il doit disposer de l\u2019autorisation de ses parents ou de ses tuteurs l\u00e9gaux pour fournir ses donn\u00e9es personnelles.<br>LE GESTIONNAIRE DU SITE WEB n\u2019a aucun moyen de v\u00e9rifier effectivement l\u2019\u00e2ge des utilisateurs et se trouve donc d\u00e9gag\u00e9 de toute responsabilit\u00e9 si l\u2019utilisateur ne respecte pas cette obligation.<\/p>\n\n\n\n<p>LE GESTIONNAIRE DU SITE WEB veillera en permanence \u00e0 ce que l\u2019utilisation du site web, des contenus et le traitement des donn\u00e9es personnelles de l\u2019utilisateur soient effectu\u00e9s de la mani\u00e8re la plus correcte possible.<\/p>\n\n\n\n<p>L\u2019utilisateur peut \u00e0 tout moment exercer ses droits d\u2019<strong>acc\u00e8s, rectification, suppression, portabilit\u00e9, limitation, opposition ou oubli<\/strong> en \u00e9crivant \u00e0 : <strong><a href=\"mailto:contacto@mytracktrends.com\">contacto@mytracktrends.com<\/a><\/strong>, conform\u00e9ment \u00e0 la l\u00e9gislation en vigueur en mati\u00e8re de protection des donn\u00e9es.<\/p>\n\n\n\n<p>En aucun cas LE GESTIONNAIRE DU SITE WEB ne partagera les donn\u00e9es qu\u2019il d\u00e9tient avec des tiers, sauf pour :<\/p>\n\n\n\n<ul class=\"wp-block-list\">\n<li>ex\u00e9cuter les services contract\u00e9s par un client ou participant,<\/li>\n\n\n\n<li>envoyer la newsletter,<\/li>\n\n\n\n<li>respecter des obligations l\u00e9gales,<\/li>\n\n\n\n<li>ou pour l\u2019administration technique du site web.<\/li>\n<\/ul>\n\n\n\n<p>Dans ces cas, les accords de confidentialit\u00e9 n\u00e9cessaires seront \u00e9tablis entre les parties.<\/p>\n\n\n\n<p>Les <strong>liens vers des sites tiers<\/strong> pr\u00e9sents sur le site web poss\u00e8dent leurs propres politiques de confidentialit\u00e9, ind\u00e9pendantes de celle du GESTIONNAIRE DU SITE WEB. L\u2019acc\u00e8s \u00e0 ces sites rel\u00e8ve de la seule responsabilit\u00e9 de l\u2019utilisateur, qui devra en conna\u00eetre et accepter \u2013 ou non \u2013 les conditions.<\/p>\n\n\n\n<h2 class=\"wp-block-heading\">FORMULAIRES<\/h2>\n\n\n\n<p>Le site web comporte <strong>4 types de formulaires<\/strong> :<\/p>\n\n\n\n<h3 class=\"wp-block-heading\">1. Formulaire de contact<\/h3>\n\n\n\n<p>L\u2019utilisateur, client ou participant pourra utiliser ces formulaires pour faciliter la communication avec LE GESTIONNAIRE DU SITE WEB : poser des questions, laisser des commentaires, demander un devis, r\u00e9server un service propos\u00e9 sur le site ou exercer un droit.<\/p>\n\n\n\n<p>Le d\u00e9faut de fourniture des donn\u00e9es personnelles minimales n\u00e9cessaires emp\u00eachera LE GESTIONNAIRE DU SITE WEB de r\u00e9pondre.<br>Ce traitement est consid\u00e9r\u00e9 comme <strong>l\u00e9gitime<\/strong> car il fait partie de d\u00e9marches pr\u00e9contractuelles.<br>Le serveur du site web et le serveur de messagerie du GESTIONNAIRE DU SITE WEB seront les responsables techniques du traitement.<\/p>\n\n\n\n<h3 class=\"wp-block-heading\">2. Formulaires de publicit\u00e9<\/h3>\n\n\n\n<p>Il sera demand\u00e9 \u00e0 l\u2019utilisateur, acheteur ou participant, son <strong>consentement expr\u00e8s et volontaire<\/strong> pour fournir au GESTIONNAIRE DU SITE WEB les donn\u00e9es minimales n\u00e9cessaires \u00e0 l\u2019envoi de publicit\u00e9 et d\u2019informations commerciales li\u00e9es aux services et\/ou produits propos\u00e9s, afin de l\u2019int\u00e9grer \u00e0 un fichier automatis\u00e9 d\u2019<strong>e-mail marketing<\/strong>, g\u00e9r\u00e9 par le sous-traitant indiqu\u00e9 plus bas.<\/p>\n\n\n\n<p>Le traitement des donn\u00e9es personnelles dans ce cadre est bas\u00e9 sur le <strong>consentement<\/strong> de la personne concern\u00e9e.<\/p>\n\n\n\n<h3 class=\"wp-block-heading\">3. Formulaires de commentaires sur le blog<\/h3>\n\n\n\n<p>Afin d\u2019\u00e9viter le spam, les messages inappropri\u00e9s et d\u2019assurer un suivi correct, il sera demand\u00e9 \u00e0 l\u2019utilisateur son <strong>nom, e-mail et site web<\/strong> pour l\u2019identifier dans les commentaires qu\u2019il souhaite publier sur le blog.<br>Ces donn\u00e9es pourront \u00eatre <strong>visibles<\/strong> pour d\u2019autres utilisateurs du site web.<\/p>\n\n\n\n<p>Si l\u2019utilisateur ne souhaite pas que ses donn\u00e9es soient visibles par d\u2019autres personnes, il devra contacter LE GESTIONNAIRE DU SITE WEB \u00e0 : <strong><a href=\"mailto:contacto@mytracktrends.com\">contacto@mytracktrends.com<\/a><\/strong><\/p>\n\n\n\n<p>Le serveur du site web sera responsable du traitement, sur la base du <strong>consentement<\/strong> de la personne concern\u00e9e.<\/p>\n\n\n\n<h3 class=\"wp-block-heading\">4. Formulaires pour le traitement des demandes de services<\/h3>\n\n\n\n<p>Les donn\u00e9es des utilisateurs, clients ou participants seront demand\u00e9es pour que LE GESTIONNAIRE DU SITE WEB puisse traiter les services demand\u00e9s.<br>Le traitement des donn\u00e9es est <strong>l\u00e9gitime<\/strong> en raison de la relation contractuelle existant avec le client ou participant.<br>Les donn\u00e9es seront conserv\u00e9es sur le serveur du site web.<\/p>\n\n\n\n<h2 class=\"wp-block-heading\">SOUS-TRAITANTS (ENCARGADOS DEL TRATAMIENTO)<\/h2>\n\n\n\n<p>LE GESTIONNAIRE DU SITE WEB a besoin du soutien de <strong>tiers<\/strong> pour fournir correctement ses services et produits. Avec ces prestataires, il conclut les accords de confidentialit\u00e9 n\u00e9cessaires et v\u00e9rifie le respect des r\u00e8gles en mati\u00e8re de protection des donn\u00e9es personnelles.<\/p>\n\n\n\n<p>Les donn\u00e9es fournies \u00e0 ces tiers ne pourront pas \u00eatre utilis\u00e9es \u00e0 d\u2019autres fins non autoris\u00e9es par la personne concern\u00e9e.<\/p>\n\n\n\n<p>Conform\u00e9ment aux principes d\u2019information et de transparence, il est indiqu\u00e9 que ces tiers sont notamment :<\/p>\n\n\n\n<ul class=\"wp-block-list\">\n<li><strong>Mailchimp<\/strong> :<br>Utilis\u00e9 pour l\u2019automatisation des newsletters commerciales et l\u2019envoi, par e-mail, de publicit\u00e9s sur les produits et\/ou services propos\u00e9s sur le site.<br>Service fourni par The Rocket Science Group LLC, \u00c9tats-Unis.<br>Plus d\u2019informations : <a href=\"https:\/\/mailchimp.com\/legal\/privacy\/\" target=\"_blank\" rel=\"noopener\">https:\/\/mailchimp.com\/legal\/privacy\/<\/a><\/li>\n\n\n\n<li><strong>Asana<\/strong> :<br>Application utilis\u00e9e pour organiser et g\u00e9rer les activit\u00e9s de travail.<br>Service fourni par Asana, Inc., 1550 Bryant Street, Suite 200, San Francisco, CA 94103.<br>Politique de confidentialit\u00e9 : <a href=\"https:\/\/asana.com\/terms\" target=\"_blank\" rel=\"noopener\">https:\/\/asana.com\/terms<\/a><\/li>\n\n\n\n<li><strong>ActiveCampaign<\/strong> :<br>Utilis\u00e9e pour l\u2019e-mail marketing et la gestion de clients.<br>Service fourni par ActiveCampaign, LLC (Chicago, \u00c9tats-Unis).<br>Politique de confidentialit\u00e9 : <a href=\"https:\/\/www.activecampaign.com\/privacy-policy\/\" target=\"_blank\" rel=\"noopener\">https:\/\/www.activecampaign.com\/privacy-policy\/<\/a><\/li>\n\n\n\n<li><strong>Zapier<\/strong> :<br>Outil d\u2019automatisation de t\u00e2ches.<br>Zapier Inc., 548 Market St. # 62411, San Francisco, CA 94104\u20135401.<br>Politique de confidentialit\u00e9 : <a href=\"https:\/\/zapier.com\/privacy\/\" target=\"_blank\" rel=\"noopener\">https:\/\/zapier.com\/privacy\/<\/a><\/li>\n\n\n\n<li><strong>Google<\/strong> :<br>Outils de gestion de donn\u00e9es des visiteurs (par ex. services Google).<br>Service fourni par Google LLC, Mountain View, Californie, \u00c9tats-Unis.<br>Politique de confidentialit\u00e9 : <a href=\"https:\/\/policies.google.com\/privacy\" target=\"_blank\" rel=\"noopener\">https:\/\/policies.google.com\/privacy<\/a><\/li>\n\n\n\n<li><strong>Leadpages<\/strong> :<br>Outil pour cr\u00e9er des sites, landing pages et fen\u00eatres pop-up.<br>Service fourni par Avenue 81, Inc., 107 Cheapside, Londres.<br>Politique de confidentialit\u00e9 : <a href=\"https:\/\/www.leadpages.net\/privacy\" target=\"_blank\" rel=\"noopener\">https:\/\/www.leadpages.net\/privacy<\/a><\/li>\n\n\n\n<li><strong>Apple<\/strong> :<br>Outils de gestion de donn\u00e9es des visiteurs.<br>Politique de confidentialit\u00e9 : <a href=\"https:\/\/www.apple.com\/legal\/privacy\/en-ww\/\" target=\"_blank\" rel=\"noopener\">https:\/\/www.apple.com\/legal\/privacy\/en-ww\/<\/a><\/li>\n\n\n\n<li><strong>SiteGround<\/strong> :<br>Fournisseur d\u2019h\u00e9bergement web.<br>SiteGround Spain SL, C\/ Serrano 1, 28001 Madrid, Espagne.<br>Politique de confidentialit\u00e9 : <a href=\"https:\/\/www.siteground.com\/privacy.htm\" target=\"_blank\" rel=\"noopener\">https:\/\/www.siteground.com\/privacy.htm<\/a><\/li>\n\n\n\n<li><strong>Calendly<\/strong> :<br>Outil de prise de rendez-vous.<br>1315 Peachtree St NE, Atlanta, GA 30309.<br>Politique de confidentialit\u00e9 : <a href=\"https:\/\/calendly.com\/pages\/privacy\" target=\"_blank\" rel=\"noopener\">https:\/\/calendly.com\/pages\/privacy<\/a><\/li>\n\n\n\n<li><strong>Typeform<\/strong> :<br>Outil de cr\u00e9ation de formulaires et enqu\u00eates en ligne.<br>Typeform SL, Carrer Bac de Roda 163, 08018 Barcelone, Espagne.<br>Politique de confidentialit\u00e9 : <a href=\"https:\/\/admin.typeform.com\/to\/yFvrNI\/\" target=\"_blank\" rel=\"noopener\">https:\/\/admin.typeform.com\/to\/yFvrNI\/<\/a><\/li>\n\n\n\n<li><strong>Pixel Facebook<\/strong> :<br>Outil d\u2019analyse pour la publicit\u00e9, afin de conna\u00eetre les actions des utilisateurs sur ce site.<br>Service fourni par Facebook, Inc. (\u00c9tats-Unis) ou Facebook Ireland Ltd. (Europe).<br>Politique de confidentialit\u00e9 : <a href=\"https:\/\/www.facebook.com\/privacy\/explanation\" target=\"_blank\" rel=\"noopener\">https:\/\/www.facebook.com\/privacy\/explanation<\/a><\/li>\n\n\n\n<li><strong>Google Analytics<\/strong> :<br>Service d\u2019analyse web pour les statistiques d\u2019utilisation du site.<br>Politique de confidentialit\u00e9 : <a href=\"https:\/\/policies.google.com\/privacy\" target=\"_blank\" rel=\"noopener\">https:\/\/policies.google.com\/privacy<\/a><\/li>\n\n\n\n<li><strong>Zoom<\/strong> :<br>Outil de visioconf\u00e9rence.<br>Zoom Video Communications, Inc.<br>Politique de confidentialit\u00e9 : <a href=\"https:\/\/zoom.us\/privacy\" target=\"_blank\" rel=\"noopener\">https:\/\/zoom.us\/privacy<\/a><\/li>\n\n\n\n<li><strong>Evernote<\/strong> :<br>Outil de gestion des services propos\u00e9s.<br>Politique de confidentialit\u00e9 : <a href=\"https:\/\/evernote.com\/intl\/es\/privacy\/policy\" target=\"_blank\" rel=\"noopener\">https:\/\/evernote.com\/intl\/es\/privacy\/policy<\/a><\/li>\n\n\n\n<li><strong>Skype (Microsoft)<\/strong> :<br>Outil de visioconf\u00e9rence.<br>Politique de confidentialit\u00e9 : <a href=\"https:\/\/privacy.microsoft.com\/es-mx\/privacystatement\" target=\"_blank\" rel=\"noopener\">https:\/\/privacy.microsoft.com\/es-mx\/privacystatement<\/a><\/li>\n\n\n\n<li><strong>Coda.io<\/strong> :<br>Outil d\u2019\u00e9dition de documents.<br>Coda, 444 Castro St, Suite 1200, Mountain View, CA 94041.<br>Politique de confidentialit\u00e9 : <a href=\"https:\/\/coda.io\/trust\/privacy\" target=\"_blank\" rel=\"noopener\">https:\/\/coda.io\/trust\/privacy<\/a><\/li>\n\n\n\n<li><strong>ManyChat<\/strong> :<br>Outil de cr\u00e9ation de bots pour pages Facebook.<br>Politique de confidentialit\u00e9 : <a href=\"https:\/\/manychat.com\/privacy.html\" target=\"_blank\" rel=\"noopener\">https:\/\/manychat.com\/privacy.html<\/a><\/li>\n\n\n\n<li><strong>PayU Latinoam\u00e9rica<\/strong> :<br>Plateforme de paiement.<br>Politique de confidentialit\u00e9 via : <a href=\"mailto:protecciondedatos@payulatam.com\">protecciondedatos@payulatam.com<\/a><\/li>\n\n\n\n<li><strong>PayPal (Europe) S.\u00e0 r.l. et Cie, S.C.A.<\/strong> :<br>Plateforme de paiement par carte sur le site.<br>22\u201324 Boulevard Royal, L-2449, Luxembourg.<br>Politique de confidentialit\u00e9 : <a href=\"https:\/\/www.paypal.com\/es\/webapps\/mpp\/ua\/privacy-full?locale.x=es_ES\" target=\"_blank\" rel=\"noopener\">https:\/\/www.paypal.com\/es\/webapps\/mpp\/ua\/privacy-full?locale.x=es_ES<\/a><\/li>\n\n\n\n<li><strong>Stripe Inc.<\/strong> :<br>Plateforme de paiement par carte bancaire.<br>Politique de confidentialit\u00e9 : <a href=\"https:\/\/stripe.com\/us\/privacy\" target=\"_blank\" rel=\"noopener\">https:\/\/stripe.com\/us\/privacy<\/a><\/li>\n\n\n\n<li><strong>Mailtrack<\/strong> :<br>Outil pour l\u2019envoi de mails et la v\u00e9rification de leur lecture.<br>THE MAIL TRACK COMPANY, S.L., C\/ C\u00f3rcega 301, \u00e1tico 2\u00aa, 08008 Barcelone, Espagne.<br>Politique de confidentialit\u00e9 : <a href=\"https:\/\/mailtrack.io\/es\/privacy-policy\" target=\"_blank\" rel=\"noopener\">https:\/\/mailtrack.io\/es\/privacy-policy<\/a><\/li>\n\n\n\n<li><strong>Dropbox<\/strong> :<br>H\u00e9bergement virtuel de documents li\u00e9s aux produits et services.<br>Politique de confidentialit\u00e9 : <a href=\"https:\/\/www.dropbox.com\/privacy\" target=\"_blank\" rel=\"noopener\">https:\/\/www.dropbox.com\/privacy<\/a><\/li>\n\n\n\n<li><strong>WhatsApp<\/strong> :<br>Outil de communication avec utilisateurs, clients, acheteurs et participants.<br>WhatsApp Ireland Limited (Europe).<br>Politique de confidentialit\u00e9 : <a href=\"https:\/\/www.whatsapp.com\/legal?eea=1#privacy-policy\" target=\"_blank\" rel=\"noopener\">https:\/\/www.whatsapp.com\/legal?eea=1#privacy-policy<\/a><\/li>\n<\/ul>\n\n\n\n<p>Dans certains cas particuliers, LE GESTIONNAIRE DU SITE WEB pourra utiliser d\u2019autres applications ou outils non mentionn\u00e9s dans cette liste, s\u2019ils offrent de meilleures options pour une t\u00e2che donn\u00e9e. Le cas \u00e9ch\u00e9ant, les utilisateurs, clients ou participants seront <strong>inform\u00e9s<\/strong> de ce changement.<\/p>\n\n\n\n<h2 class=\"wp-block-heading\">POLITIQUES RELATIVES \u00c0 LA NEWSLETTER<\/h2>\n\n\n\n<p>Ces politiques sont consid\u00e9r\u00e9es comme <strong>compl\u00e9mentaires<\/strong> des termes et conditions du site web, et s\u2019appliquent avec la m\u00eame force en cas de litige.<br>La politique de confidentialit\u00e9 et de propri\u00e9t\u00e9 intellectuelle applicable est celle d\u00e9crite dans les termes et conditions du site.<\/p>\n\n\n\n<p>On entend par <strong>\u00ab newsletter \u00bb<\/strong> le bulletin num\u00e9rique que LE GESTIONNAIRE DU SITE WEB envoie p\u00e9riodiquement \u00e0 ses abonn\u00e9s via un prestataire externe de services d\u2019e-mailing, et auquel l\u2019utilisateur s\u2019est inscrit <strong>volontairement<\/strong>.<\/p>\n\n\n\n<p>LE GESTIONNAIRE DU SITE WEB n\u2019est pas tenu d\u2019envoyer la newsletter \u00e0 des intervalles de temps d\u00e9finis ; il le fera lorsqu\u2019il le jugera opportun.<\/p>\n\n\n\n<p>L\u2019utilisateur pourra, \u00e0 tout moment, exercer ses droits d\u2019acc\u00e8s, de rectification, de suppression ou d\u2019opposition, en suivant les instructions figurant en bas de chaque newsletter (lien de d\u00e9sinscription, etc.).<\/p>\n\n\n\n<p>L\u2019utilisateur ne doit pas partager le contenu de la newsletter avec des tiers, car cela porterait atteinte aux droits d\u2019auteur du GESTIONNAIRE DU SITE WEB. Le seul canal de diffusion autoris\u00e9 est celui g\u00e9r\u00e9 et\/ou approuv\u00e9 par LE GESTIONNAIRE DU SITE WEB.<\/p>\n\n\n\n<p>LE GESTIONNAIRE DU SITE WEB ne sera pas responsable du contenu de <strong>tiers<\/strong> mentionn\u00e9 dans la newsletter ; tout litige devra \u00eatre trait\u00e9 directement avec la personne ou l\u2019entreprise concern\u00e9e.<\/p>\n\n\n\n<p>Tout le mat\u00e9riel diffus\u00e9 dans la newsletter est prot\u00e9g\u00e9 par le droit d\u2019auteur au b\u00e9n\u00e9fice du GESTIONNAIRE DU SITE WEB. Lorsque le contenu appartient \u00e0 des tiers, il est entendu que LE GESTIONNAIRE DU SITE WEB dispose de l\u2019autorisation n\u00e9cessaire pour l\u2019utiliser selon les termes convenus.<\/p>\n\n\n\n<h2 class=\"wp-block-heading\">DUR\u00c9E DU TRAITEMENT<\/h2>\n\n\n\n<ul class=\"wp-block-list\">\n<li><strong>Donn\u00e9es personnelles fournies pour la facturation et l\u2019achat de produits ou services :<\/strong><br>Elles seront conserv\u00e9es pendant la dur\u00e9e l\u00e9galement applicable par la plateforme de facturation concern\u00e9e.<\/li>\n\n\n\n<li><strong>Donn\u00e9es personnelles fournies pour les newsletters commerciales et les commentaires sur le blog :<\/strong><br>Elles seront conserv\u00e9es tant que la personne concern\u00e9e souhaite rester dans la liste de diffusion.<br>Elle pourra se d\u00e9sinscrire \u00e0 tout moment, soit automatiquement via le lien pr\u00e9vu \u00e0 cet effet dans chaque newsletter, soit en \u00e9crivant \u00e0 : <strong><a href=\"mailto:contacto@mytracktrends.com\">contacto@mytracktrends.com<\/a><\/strong>.<\/li>\n<\/ul>\n","protected":false},"excerpt":{"rendered":"<p>POLITIQUE DE CONFIDENTIALIT\u00c9 Responsable des donn\u00e9es personnelles :Vaye@Corp, ci-apr\u00e8s LE GESTIONNAIRE DU SITE WEB, dont l\u2019adresse e-mail de contact est [&hellip;]<\/p>\n","protected":false},"author":1,"featured_media":0,"parent":0,"menu_order":0,"comment_status":"closed","ping_status":"closed","template":"","meta":{"_uag_custom_page_level_css":"","site-sidebar-layout":"default","site-content-layout":"","ast-site-content-layout":"default","site-content-style":"default","site-sidebar-style":"default","ast-global-header-display":"","ast-banner-title-visibility":"","ast-main-header-display":"","ast-hfb-above-header-display":"","ast-hfb-below-header-display":"","ast-hfb-mobile-header-display":"","site-post-title":"","ast-breadcrumbs-content":"","ast-featured-img":"","footer-sml-layout":"","theme-transparent-header-meta":"","adv-header-id-meta":"","stick-header-meta":"","header-above-stick-meta":"","header-main-stick-meta":"","header-below-stick-meta":"","astra-migrate-meta-layouts":"default","ast-page-background-enabled":"default","ast-page-background-meta":{"desktop":{"background-color":"var(--ast-global-color-4)","background-image":"","background-repeat":"repeat","background-position":"center center","background-size":"auto","background-attachment":"scroll","background-type":"","background-media":"","overlay-type":"","overlay-color":"","overlay-opacity":"","overlay-gradient":""},"tablet":{"background-color":"","background-image":"","background-repeat":"repeat","background-position":"center center","background-size":"auto","background-attachment":"scroll","background-type":"","background-media":"","overlay-type":"","overlay-color":"","overlay-opacity":"","overlay-gradient":""},"mobile":{"background-color":"","background-image":"","background-repeat":"repeat","background-position":"center center","background-size":"auto","background-attachment":"scroll","background-type":"","background-media":"","overlay-type":"","overlay-color":"","overlay-opacity":"","overlay-gradient":""}},"ast-content-background-meta":{"desktop":{"background-color":"var(--ast-global-color-5)","background-image":"","background-repeat":"repeat","background-position":"center center","background-size":"auto","background-attachment":"scroll","background-type":"","background-media":"","overlay-type":"","overlay-color":"","overlay-opacity":"","overlay-gradient":""},"tablet":{"background-color":"var(--ast-global-color-5)","background-image":"","background-repeat":"repeat","background-position":"center center","background-size":"auto","background-attachment":"scroll","background-type":"","background-media":"","overlay-type":"","overlay-color":"","overlay-opacity":"","overlay-gradient":""},"mobile":{"background-color":"var(--ast-global-color-5)","background-image":"","background-repeat":"repeat","background-position":"center center","background-size":"auto","background-attachment":"scroll","background-type":"","background-media":"","overlay-type":"","overlay-color":"","overlay-opacity":"","overlay-gradient":""}},"footnotes":""},"class_list":["post-16","page","type-page","status-publish","hentry"],"uagb_featured_image_src":{"full":false,"thumbnail":false,"medium":false,"medium_large":false,"large":false,"1536x1536":false,"2048x2048":false},"uagb_author_info":{"display_name":"amolanovbtc@gmail.com","author_link":"https:\/\/mytracktrends.com\/fr\/author\/amolanovbtcgmail-com\/"},"uagb_comment_info":0,"uagb_excerpt":"POLITIQUE DE CONFIDENTIALIT\u00c9 Responsable des donn\u00e9es personnelles :Vaye@Corp, ci-apr\u00e8s LE GESTIONNAIRE DU SITE WEB, dont l\u2019adresse e-mail de contact est [&hellip;]","_links":{"self":[{"href":"https:\/\/mytracktrends.com\/fr\/wp-json\/wp\/v2\/pages\/16","targetHints":{"allow":["GET"]}}],"collection":[{"href":"https:\/\/mytracktrends.com\/fr\/wp-json\/wp\/v2\/pages"}],"about":[{"href":"https:\/\/mytracktrends.com\/fr\/wp-json\/wp\/v2\/types\/page"}],"author":[{"embeddable":true,"href":"https:\/\/mytracktrends.com\/fr\/wp-json\/wp\/v2\/users\/1"}],"replies":[{"embeddable":true,"href":"https:\/\/mytracktrends.com\/fr\/wp-json\/wp\/v2\/comments?post=16"}],"version-history":[{"count":1,"href":"https:\/\/mytracktrends.com\/fr\/wp-json\/wp\/v2\/pages\/16\/revisions"}],"predecessor-version":[{"id":17,"href":"https:\/\/mytracktrends.com\/fr\/wp-json\/wp\/v2\/pages\/16\/revisions\/17"}],"wp:attachment":[{"href":"https:\/\/mytracktrends.com\/fr\/wp-json\/wp\/v2\/media?parent=16"}],"curies":[{"name":"wp","href":"https:\/\/api.w.org\/{rel}","templated":true}]}}